{"id":170,"date":"2025-10-03T11:08:40","date_gmt":"2025-10-03T15:08:40","guid":{"rendered":"https:\/\/zonecollectionbreak.ca\/?page_id=170"},"modified":"2025-10-31T15:51:29","modified_gmt":"2025-10-31T19:51:29","slug":"faq","status":"publish","type":"page","link":"https:\/\/zonecollectionbreak.ca\/en\/faq\/","title":{"rendered":"FAQ"},"content":{"rendered":"<p>[et_pb_section fb_built=\u00a0\u00bb1&Prime; _builder_version=\u00a0\u00bb4.27.4&Prime; _module_preset=\u00a0\u00bbdefault\u00a0\u00bb global_colors_info=\u00a0\u00bb{}\u00a0\u00bb][et_pb_row _builder_version=\u00a0\u00bb4.27.4&Prime; _module_preset=\u00a0\u00bbdefault\u00a0\u00bb custom_css_free_form=\u00a0\u00bb.et_pb_module.et_pb_toggle.et_pb_toggle_item {||  border-radius: 8px;||  border: none;||}||||#et-main-area #main-content .et_pb_toggle_title:before {||  margin-top: 0px;||  top: 0;||  right: 0;||}||||.custom-drawer a {||  border-bottom: 1px solid;||  border-bottom-color: rgba(228, 222, 212, .15);||  display: inline-block;||  position: relative;||  text-decoration: none;||}||||.custom-drawer a:after {||  border-bottom: 2px solid currentColor;||  bottom: -2px;||  content: %22%22;||  left: 0;||  position: absolute;||  transition: width .5s ease;||  width: 0;||}||||.custom-drawer a:hover:after {||  width: 100%;||}\u00a0\u00bb global_colors_info=\u00a0\u00bb{}\u00a0\u00bb][et_pb_column type=\u00a0\u00bb4_4&Prime; _builder_version=\u00a0\u00bb4.27.4&Prime; _module_preset=\u00a0\u00bbdefault\u00a0\u00bb global_colors_info=\u00a0\u00bb{}\u00a0\u00bb][et_pb_post_title meta=\u00a0\u00bboff\u00a0\u00bb featured_image=\u00a0\u00bboff\u00a0\u00bb _builder_version=\u00a0\u00bb4.27.4&Prime; _module_preset=\u00a0\u00bbdefault\u00a0\u00bb global_colors_info=\u00a0\u00bb{}\u00a0\u00bb][\/et_pb_post_title][et_pb_heading title=\u00a0\u00bbFAQ POUR LES BREAKS\u00a0\u00bb _builder_version=\u00a0\u00bb4.27.4&Prime; _module_preset=\u00a0\u00bbdefault\u00a0\u00bb global_colors_info=\u00a0\u00bb{}\u00a0\u00bb][\/et_pb_heading][et_pb_toggle title=\u00a0\u00bbQU&rsquo;EST-CE QU&rsquo;UN BREAK DE GROUPE ?\u00a0\u00bb _builder_version=\u00a0\u00bb4.27.4&Prime; _module_preset=\u00a0\u00bbdefault\u00a0\u00bb global_colors_info=\u00a0\u00bb{}\u00a0\u00bb]<\/p>\n<p>Un break de groupe consiste \u00e0 ce que plusieurs participants se partagent une ou plusieurs bo\u00eetes de cartes, r\u00e9parties selon les \u00e9quipes, les divisions, les joueurs ou toute autre m\u00e9thode d\u00e9finie \u00e0 l\u2019avance.<\/p>\n<p>[\/et_pb_toggle][et_pb_toggle title=\u00a0\u00bbQU&rsquo;EST-CE QU&rsquo;UN BREAK PERSO ?\u00a0\u00bb _builder_version=\u00a0\u00bb4.27.4&Prime; _module_preset=\u00a0\u00bbdefault\u00a0\u00bb global_colors_info=\u00a0\u00bb{}\u00a0\u00bb]<\/p>\n<p>Un Break Perso correspond \u00e0 l\u2019achat d\u2019une bo\u00eete compl\u00e8te sur notre site ou pendant un stream.<br data-start=\"507\" data-end=\"510\" \/>La bo\u00eete est ouverte avant ou apr\u00e8s le prochain live break, et toutes les <em>hits<\/em> sont envoy\u00e9es.<\/p>\n<p>[\/et_pb_toggle][et_pb_toggle title=\u00a0\u00bbQUELS SONT LES DIFF\u00c9RENTS TYPES DE BREAKS ?\u00a0\u00bb _builder_version=\u00a0\u00bb4.27.4&Prime; _module_preset=\u00a0\u00bbdefault\u00a0\u00bb global_colors_info=\u00a0\u00bb{}\u00a0\u00bb]<\/p>\n<p><strong><span>Break Team Random<\/span><\/strong><\/p>\n<p>Dans un Team Random, la liste des \u00e9quipes est m\u00e9lang\u00e9e cinq fois \u00e0 l\u2019aide de Random.org. <strong data-start=\"155\" data-end=\"193\">Seul le dernier tirage est retenu.<\/strong> Le r\u00e9sultat final est ensuite associ\u00e9 aux participants : la personne ayant choisi le <em><strong>spot<\/strong><\/em> n\u00b01 obtient l\u2019\u00e9quipe figurant en premi\u00e8re place du tirage, et ainsi de suite.<\/p>\n<p><b>Break Team Select<\/b><\/p>\n<p>Dans un Team Select, chaque \u00e9quipe poss\u00e8de un prix pr\u00e9d\u00e9fini bas\u00e9 sur la valeur potentielle des cartes pr\u00e9sentes dans la bo\u00eete.<br data-start=\"195\" data-end=\"198\" \/>Par exemple, une \u00e9quipe ayant obtenu le premier choix lors du dernier rep\u00eachage aura g\u00e9n\u00e9ralement un prix plus \u00e9lev\u00e9 qu\u2019une \u00e9quipe sans vedettes ni recrues.<\/p>\n<p><strong><span>Break Random Hit\u00a0<\/span><\/strong><\/p>\n<p>Dans un <strong data-start=\"164\" data-end=\"184\">Break Random Hit<\/strong>, toutes les cartes sont d\u2019abord ouvertes et list\u00e9es, puis attribu\u00e9es al\u00e9atoirement aux participants.<br data-start=\"285\" data-end=\"288\" \/>Ce type de break est privil\u00e9gi\u00e9 pour les produits \u00e0 faible nombre de cartes, car il assure \u00e0 chaque participant de recevoir une carte.<\/p>\n<p>[\/et_pb_toggle][et_pb_toggle title=\u00a0\u00bbCOMMENT PARTICIPER ?\u00a0\u00bb _builder_version=\u00a0\u00bb4.27.4&Prime; _module_preset=\u00a0\u00bbdefault\u00a0\u00bb global_colors_info=\u00a0\u00bb{}\u00a0\u00bb]<\/p>\n<p>Peu importe le <strong><em data-start=\"112\" data-end=\"119\">break<\/em><\/strong>, il vous suffit d\u2019acheter un <strong><em data-start=\"149\" data-end=\"155\">spot<\/em><\/strong> pour y participer.<\/p>\n<p>[\/et_pb_toggle][et_pb_toggle title=\u00a0\u00bbQU&rsquo;EST-CE QUE J&rsquo;OBTIENS EN ACHETANT UN SPOT DANS UN BREAK ?\u00a0\u00bb title_last_edited=\u00a0\u00bboff|desktop\u00a0\u00bb _builder_version=\u00a0\u00bb4.27.4&Prime; _module_preset=\u00a0\u00bbdefault\u00a0\u00bb global_colors_info=\u00a0\u00bb{}\u00a0\u00bb]<\/p>\n<p>En achetant un <strong><em data-start=\"715\" data-end=\"721\">spot<\/em><\/strong> dans un <strong><em data-start=\"730\" data-end=\"737\">break<\/em><\/strong> de groupe, vous recevez les <em>hits<\/em> correspondant aux crit\u00e8res pr\u00e9cis\u00e9s dans la description du <strong><em data-start=\"832\" data-end=\"839\">break<\/em><\/strong>. Pour obtenir une bo\u00eete compl\u00e8te, il faut effectuer un achat dans la section <strong><em data-start=\"917\" data-end=\"930\">Break Perso<\/em><\/strong>.<\/p>\n<p>Par exemple, si vous avez achet\u00e9 le <strong><em data-start=\"171\" data-end=\"177\">spot<\/em><\/strong> des Avalanche du Colorado, vous recevrez uniquement les <em>hits<\/em> associ\u00e9es \u00e0 cette \u00e9quipe lors du <strong><em data-start=\"274\" data-end=\"281\">break<\/em><\/strong>.<\/p>\n<p>[\/et_pb_toggle][et_pb_toggle title=\u00a0\u00bbQUELLES CARTES VOUS RECEVREZ ?\u00a0\u00bb _builder_version=\u00a0\u00bb4.27.4&Prime; _module_preset=\u00a0\u00bbdefault\u00a0\u00bb global_colors_info=\u00a0\u00bb{}\u00a0\u00bb]<\/p>\n<p>Vous obtenez toutes les cartes qui vous sont attribu\u00e9es, \u00e0 l\u2019exception des cartes de base.<\/p>\n<p>[\/et_pb_toggle][et_pb_toggle title=\u00a0\u00bbSUIS-JE ASSUR\u00c9 DE RECEVOIR UNE CARTE ?\u00a0\u00bb _builder_version=\u00a0\u00bb4.27.4&Prime; _module_preset=\u00a0\u00bbdefault\u00a0\u00bb global_colors_info=\u00a0\u00bb{}\u00a0\u00bb]<\/p>\n<p>Il est possible que vous ne receviez aucune carte si aucun <em>hit<\/em> n\u2019est sorti pour l\u2019\u00e9quipe qui vous a \u00e9t\u00e9 attribu\u00e9e. Par d\u00e9faut, les cartes de base ne sont pas envoy\u00e9es, mais vous pouvez nous contacter pour en recevoir si vous n\u2019avez rien obtenu.<\/p>\n<p>[\/et_pb_toggle][et_pb_toggle title=\u00a0\u00bbO\u00d9 REGARDER LE BREAK EN DIRECT ? \u00a0\u00bb _builder_version=\u00a0\u00bb4.27.4&Prime; _module_preset=\u00a0\u00bbdefault\u00a0\u00bb global_colors_info=\u00a0\u00bb{}\u00a0\u00bb]<\/p>\n<p>Le <em><strong>break<\/strong><\/em> sera diffus\u00e9 en direct sur Facebook et\/ou YouTube.<br data-start=\"184\" data-end=\"187\" \/>Si vous ne pouvez pas assister au direct, l\u2019int\u00e9gralit\u00e9 des <strong><em>breaks<\/em><\/strong> restera disponible sur YouTube.<\/p>\n<p>[\/et_pb_toggle][et_pb_toggle title=\u00a0\u00bbQUAND SE D\u00c9ROULE LES BREAKS ?\u00a0\u00bb _builder_version=\u00a0\u00bb4.27.4&Prime; _module_preset=\u00a0\u00bbdefault\u00a0\u00bb global_colors_info=\u00a0\u00bb{}\u00a0\u00bb]<\/p>\n<p>Les <strong data-start=\"161\" data-end=\"171\">BREAKS<\/strong> se d\u00e9roulent \u00e0 la date indiqu\u00e9e dans la description du break choisi. M\u00eame si toutes les places ne sont pas vendues, le break aura lieu \u00e0 l\u2019heure pr\u00e9vue.<\/p>\n<p>[\/et_pb_toggle][et_pb_toggle title=\u00a0\u00bbCOMMENT R\u00c9CLAMER MON PRIX DE CONSOLATION D&rsquo;UN MINI PERDU ?\u00a0\u00bb _builder_version=\u00a0\u00bb4.27.4&Prime; _module_preset=\u00a0\u00bbdefault\u00a0\u00bb global_colors_info=\u00a0\u00bb{}\u00a0\u00bb]<\/p>\n<p data-start=\"166\" data-end=\"273\">Pour r\u00e9clamer la carte correspondant \u00e0 la valeur d\u2019un mini perdu, veuillez suivre les \u00e9tapes ci-dessous :<\/p>\n<p data-start=\"166\" data-end=\"273\"><strong data-start=\"278\" data-end=\"302\" style=\"font-size: 18px;letter-spacing: 0.86px\">Pr\u00e9parez votre envoi<\/strong><span style=\"font-size: 18px;letter-spacing: 0.86px\"> : imprimez la facture du mini et pr\u00e9parez une enveloppe de retour pr\u00e9affranchie.<\/span><\/p>\n<p data-start=\"166\" data-end=\"273\"><strong data-start=\"389\" data-end=\"422\" style=\"font-size: 18px;letter-spacing: 0.86px\">Envoyez le tout \u00e0 la boutique<\/strong><span style=\"font-size: 18px;letter-spacing: 0.86px\"> : incluez l\u2019enveloppe pr\u00e9affranchie et le re\u00e7u dans votre envoi. L\u2019enveloppe servira \u00e0 vous renvoyer votre carte.<\/span><\/p>\n<p data-start=\"166\" data-end=\"273\"><strong data-start=\"542\" data-end=\"565\" style=\"font-size: 18px;letter-spacing: 0.86px\">D\u00e9lais de livraison<\/strong><span style=\"font-size: 18px;letter-spacing: 0.86px\"> : nous ne garantissons pas les d\u00e9lais de livraison de Postes Canada.<\/span><\/p>\n<p data-start=\"638\" data-end=\"670\"><strong data-start=\"638\" data-end=\"668\">Informations importantes :<\/strong><\/p>\n<ul data-start=\"671\" data-end=\"802\">\n<li data-start=\"671\" data-end=\"714\">\n<p data-start=\"673\" data-end=\"714\">Les spots ne peuvent pas \u00eatre combin\u00e9s.<\/p>\n<\/li>\n<li data-start=\"715\" data-end=\"802\">\n<p data-start=\"717\" data-end=\"802\">Vous disposez d\u2019un maximum d\u2019une semaine (date du timbre) pour r\u00e9clamer votre prix.<\/p>\n<\/li>\n<li data-start=\"715\" data-end=\"802\">Vous allez recevoir un produit Upper Deck de la valeur du mini que vous avez perdu.<\/li>\n<\/ul>\n<p>&nbsp;<\/p>\n<p>[\/et_pb_toggle][et_pb_toggle title=\u00a0\u00bbQU&rsquo;EST-CE QUI ARRIVE SI L&rsquo;\u00c9QUIPE PR\u00c9SENTE SUR LA CARTE N&rsquo;EXISTE PLUS ?\u00a0\u00bb _builder_version=\u00a0\u00bb4.27.4&Prime; _module_preset=\u00a0\u00bbdefault\u00a0\u00bb global_colors_info=\u00a0\u00bb{}\u00a0\u00bb]<\/p>\n<p>La carte ira \u00e0 l&rsquo;\u00e9quipe o\u00f9 la concession \u00e0 d\u00e9m\u00e9nag\u00e9e. Par exemple, une carte des Nordiques ira \u00e0 l&rsquo;Avalanche. Dans le cas des Jets, m\u00eame si l&rsquo;\u00e9quipe est revenue, une vieille carte des Jets s&rsquo;en va aux Coyotes. Les Nouveaux Jets eux, re\u00e7oivent les cartes de Atlanta.<\/p>\n<p>[\/et_pb_toggle][et_pb_toggle title=\u00a0\u00bbQU&rsquo;EST-CE QUI ARRIVE SI 2 \u00c9QUIPES OU 2 JOUEURS SE RETROUVENT SUR LA M\u00caME CARTE ?\u00a0\u00bb _builder_version=\u00a0\u00bb4.27.4&Prime; _module_preset=\u00a0\u00bbdefault\u00a0\u00bb global_colors_info=\u00a0\u00bb{}\u00a0\u00bb]<\/p>\n<p>Si une carte peut \u00eatre attribu\u00e9e \u00e0 deux participants, son attribution sera effectu\u00e9e <strong data-start=\"160\" data-end=\"177\">al\u00e9atoirement<\/strong> via Random.org \u00e0 la fin du break.<br data-start=\"211\" data-end=\"214\" \/>La liste sera randomis\u00e9e <strong data-start=\"241\" data-end=\"254\">cinq fois<\/strong>, et <strong data-start=\"259\" data-end=\"307\" data-is-only-node=\"\">seul le dernier r\u00e9sultat sera pris en compte<\/strong>.<\/p>\n<p>[\/et_pb_toggle][et_pb_toggle title=\u00a0\u00bbQU&rsquo;EST-CE QUI ARRIVE SI C&rsquo;EST UNE CARTE D&rsquo;UNE \u00c9QUIPE INTERNATIONAL OU ALL-STARS\u00a0\u00bb _builder_version=\u00a0\u00bb4.27.4&Prime; _module_preset=\u00a0\u00bbdefault\u00a0\u00bb global_colors_info=\u00a0\u00bb{}\u00a0\u00bb]<\/p>\n<p><span>Dans le cas d\u2019une \u00e9quipe internationale ou All-Stars, la carte revient \u00e0 l\u2019\u00e9quipe ou le dit joueur \u00e9voluait durant l\u2019ann\u00e9e de la boite. Si aucun d\u00e9tail ne fait mention de l\u2019\u00e9quipe, la carte sera attribu\u00e9e \u00e0 l\u2019\u00e9quipe avec qui le joueur \u00e0 jouer le plus de match.<\/span><\/p>\n<p>[\/et_pb_toggle][et_pb_toggle title=\u00a0\u00bbQU&rsquo;EST-CE QUI ARRIVE SI UNE CARTE DE L&rsquo;\u00c9QUIPE NATIONALE D&rsquo;UN JOUEUR RETRAIT\u00c9 EST SORTIE ?\u00a0\u00bb _builder_version=\u00a0\u00bb4.27.4&Prime; _module_preset=\u00a0\u00bbdefault\u00a0\u00bb global_colors_info=\u00a0\u00bb{}\u00a0\u00bb]<\/p>\n<p>La carte sera attribu\u00e9e \u00e0 l\u2019\u00e9quipe pour laquelle le joueur a disput\u00e9 le plus de matchs au cours de sa carri\u00e8re.<br data-start=\"221\" data-end=\"224\" \/>Par exemple, une carte de Bobby Orr avec l\u2019\u00e9quipe du Canada sera attribu\u00e9e \u00e0 <strong data-start=\"303\" data-end=\"313\">Boston<\/strong>.<\/p>\n<p>[\/et_pb_toggle][et_pb_toggle title=\u00a0\u00bbO\u00d9 POSER DES QUESTIONS ?\u00a0\u00bb _builder_version=\u00a0\u00bb4.27.4&Prime; _module_preset=\u00a0\u00bbdefault\u00a0\u00bb global_colors_info=\u00a0\u00bb{}\u00a0\u00bb]<\/p>\n<p>Pour toute question contactez-nous par courriel \u00e0 l\u2019adresse <strong data-start=\"175\" data-end=\"207\"><a data-start=\"177\" data-end=\"205\" class=\"decorated-link cursor-pointer\" rel=\"noopener\">info@zonecollectionsbreak.ca<span aria-hidden=\"true\" class=\"ms-0.5 inline-block align-middle leading-none\"><\/span><\/a><\/strong> ou via <strong data-start=\"215\" data-end=\"228\">Messenger<\/strong> sur Facebook.<\/p>\n<p>[\/et_pb_toggle][et_pb_heading title=\u00a0\u00bbFAQ POUR LA LIVRAISON\u00a0\u00bb _builder_version=\u00a0\u00bb4.27.4&Prime; _module_preset=\u00a0\u00bbdefault\u00a0\u00bb title_level=\u00a0\u00bbh2&Prime; global_colors_info=\u00a0\u00bb{}\u00a0\u00bb][\/et_pb_heading][et_pb_toggle title=\u00a0\u00bbCOMMENT FONCTIONNE LA LIVRAISON ?\u00a0\u00bb _builder_version=\u00a0\u00bb4.27.4&Prime; _module_preset=\u00a0\u00bbdefault\u00a0\u00bb global_colors_info=\u00a0\u00bb{}\u00a0\u00bb]<\/p>\n<p>La livraison des cartes gagn\u00e9es dans les breaks ou tirages est toujours <strong data-start=\"213\" data-end=\"225\">gratuite<\/strong> et se fait par d\u00e9faut via Poste Canada en courrier r\u00e9gulier. Nous ne pouvons pas garantir le service ni les d\u00e9lais de livraison une fois que le colis est entre les mains de la poste, mais nous exp\u00e9dions les cartes <strong data-start=\"448\" data-end=\"472\">une fois par semaine<\/strong>. Pour <strong data-start=\"588\" data-end=\"596\">12 $<\/strong>, il est possible d\u2019ajouter un num\u00e9ro de suivi Poste Canada, ce qui vous permet de savoir o\u00f9 se trouvent vos cartes et d\u2019avoir un d\u00e9lai de livraison estim\u00e9 entre 2 et 8 jours.<br data-start=\"775\" data-end=\"778\" data-is-only-node=\"\" \/>Sans suivi, nous ne pouvons pas garantir la livraison \u00e0 100 %, c\u2019est pourquoi nous recommandons fortement cette option pour les cartes de grande valeur.<\/p>\n<p>[\/et_pb_toggle][et_pb_toggle title=\u00a0\u00bbCOMMENT MES CARTES ME SERONT ENVOY\u00c9ES ?\u00a0\u00bb _builder_version=\u00a0\u00bb4.27.4&Prime; _module_preset=\u00a0\u00bbdefault\u00a0\u00bb custom_padding=\u00a0\u00bb|32px||32px||true\u00a0\u00bb global_colors_info=\u00a0\u00bb{}\u00a0\u00bb]<\/p>\n<p>Toutes les cartes seront exp\u00e9di\u00e9es par courrier r\u00e9gulier de Poste Canada, prot\u00e9g\u00e9es dans un <strong data-start=\"927\" data-end=\"941\">toploader<\/strong> et une <strong data-start=\"949\" data-end=\"971\">enveloppe \u00e0 bulles<\/strong>.<br data-start=\"972\" data-end=\"975\" \/>Une assurance et un num\u00e9ro de suivi peuvent \u00eatre ajout\u00e9s via la section shipping lors de la commande.<br data-start=\"1086\" data-end=\"1089\" \/>L\u2019envoi sera effectu\u00e9 au plus tard <strong>5 jours apr\u00e8s le<\/strong> <strong><em>break<\/em><\/strong>.<\/p>\n<p>[\/et_pb_toggle][et_pb_toggle title=\u00a0\u00bbCOMMENT FONCTIONNE LA R\u00c9CUP\u00c9RATION EN MAGASIN ?\u00a0\u00bb _builder_version=\u00a0\u00bb4.27.4&Prime; _module_preset=\u00a0\u00bbdefault\u00a0\u00bb global_colors_info=\u00a0\u00bb{}\u00a0\u00bb]<\/p>\n<p>Les cartes de break peuvent \u00eatre r\u00e9cup\u00e9r\u00e9es \u00e0 Saint-Hyacinthe ou Saint-Jean-sur-Richelieu, dans un d\u00e9lai maximum de <strong>5 jours ouvrables<\/strong> apr\u00e8s le break.<\/p>\n<p>[\/et_pb_toggle][\/et_pb_column][\/et_pb_row][\/et_pb_section]<\/p>\n","protected":false},"excerpt":{"rendered":"<p>Un break de groupe consiste \u00e0 ce que plusieurs participants se partagent une ou plusieurs bo\u00eetes de cartes, r\u00e9parties selon les \u00e9quipes, les divisions, les joueurs ou toute autre m\u00e9thode d\u00e9finie \u00e0 l\u2019avance.Un Break Perso correspond \u00e0 l\u2019achat d\u2019une bo\u00eete compl\u00e8te sur notre site ou pendant un stream.La bo\u00eete est ouverte avant ou apr\u00e8s le [&hellip;]<\/p>\n","protected":false},"author":1,"featured_media":0,"parent":0,"menu_order":0,"comment_status":"closed","ping_status":"closed","template":"","meta":{"_et_pb_use_builder":"on","_et_pb_old_content":"","_et_gb_content_width":"","footnotes":""},"class_list":["post-170","page","type-page","status-publish","hentry"],"_links":{"self":[{"href":"https:\/\/zonecollectionbreak.ca\/en\/wp-json\/wp\/v2\/pages\/170","targetHints":{"allow":["GET"]}}],"collection":[{"href":"https:\/\/zonecollectionbreak.ca\/en\/wp-json\/wp\/v2\/pages"}],"about":[{"href":"https:\/\/zonecollectionbreak.ca\/en\/wp-json\/wp\/v2\/types\/page"}],"author":[{"embeddable":true,"href":"https:\/\/zonecollectionbreak.ca\/en\/wp-json\/wp\/v2\/users\/1"}],"replies":[{"embeddable":true,"href":"https:\/\/zonecollectionbreak.ca\/en\/wp-json\/wp\/v2\/comments?post=170"}],"version-history":[{"count":13,"href":"https:\/\/zonecollectionbreak.ca\/en\/wp-json\/wp\/v2\/pages\/170\/revisions"}],"predecessor-version":[{"id":676,"href":"https:\/\/zonecollectionbreak.ca\/en\/wp-json\/wp\/v2\/pages\/170\/revisions\/676"}],"wp:attachment":[{"href":"https:\/\/zonecollectionbreak.ca\/en\/wp-json\/wp\/v2\/media?parent=170"}],"curies":[{"name":"wp","href":"https:\/\/api.w.org\/{rel}","templated":true}]}}